{"id":4175,"date":"2018-04-23T00:59:42","date_gmt":"2018-04-22T22:59:42","guid":{"rendered":"https:\/\/www.avenirgroup.ch\/impressum\/"},"modified":"2023-02-14T13:53:01","modified_gmt":"2023-02-14T12:53:01","slug":"impressum","status":"publish","type":"page","link":"https:\/\/www.finanzprofiaufzeit.ch\/fr\/mentions-legales\/","title":{"rendered":"Mentions l\u00e9gales"},"content":{"rendered":"<h3>Contact<\/h3>\n<p>Avenir Group AG<br \/>\nWeinmarkt 15<br \/>\nCH-6004 Luzern<\/p>\n<p>T\u00e9l\u00e9phone: <a href=\"tel:0041582747400\">+41 58 274 74 00<\/a><br \/>\nE-mail: <a href=\"mailto:info@staging.hrprofiaufzeit.ch\">info@staging.hrprofiaufzeit.ch<\/a><\/p>\n<h3><\/h3>\n<h3>Inscription au registre du commerce<\/h3>\n<p>Raison sociale: Avenir Group AG<br \/>\nIDE: CHE\u2011114.623.917<br \/>\nRegistre du commerce: Canton Lucerne<\/p>\n<p>&nbsp;<\/p>\n<h3>Exclusion de responsabilit\u00e9<\/h3>\n<p>Malgr\u00e9 un contr\u00f4le minutieux, Avenir Group AG d\u00e9cline toute responsabilit\u00e9 quant \u00e0 l\u2019exactitude, la pr\u00e9cision, l\u2019actualit\u00e9, la fiabilit\u00e9 ou l\u2019exhaustivit\u00e9 des informations publi\u00e9es. L\u2019auteur se r\u00e9serve express\u00e9ment le droit de modifier, de compl\u00e9ter, d\u2019effacer ou de cesser temporairement ou d\u00e9finitivement la publication de tout ou partie des pages ou de l\u2019effacer sans pr\u00e9avis.<br \/>\nNous d\u00e9clinons toute responsabilit\u00e9 pour les contenus li\u00e9s et les sites Internet de tiers. Les exploitants des pages li\u00e9es sont seuls responsables de leur contenu. L\u2019acc\u00e8s et l\u2019utilisation de ces sites Web sont \u00e0 la seule responsabilit\u00e9 de l\u2019utilisateur.<\/p>\n<h3><\/h3>\n<h3>Droits d\u2019auteur<\/h3>\n<p>Tous les contenus tels que les textes et les images sont prot\u00e9g\u00e9s par le droit d\u2019auteur. L\u2019utilisation ult\u00e9rieure d\u2019images et de textes de toute nature n\u00e9cessite l\u2019accord \u00e9crit du d\u00e9tenteur des droits d\u2019auteur et n\u2019est autoris\u00e9e qu\u2019avec mention des informations relatives aux droits d\u2019auteur.<\/p>\n","protected":false},"excerpt":{"rendered":"<p>Contact Avenir Group AG Weinmarkt 15 CH-6004 Luzern T\u00e9l\u00e9phone: +41 58 274 74 00 E-mail: info@staging.hrprofiaufzeit.ch Inscription au registre du commerce Raison sociale: Avenir Group AG IDE: CHE\u2011114.623.917 Registre du commerce: Canton Lucerne &nbsp; Exclusion de responsabilit\u00e9 Malgr\u00e9 un contr\u00f4le minutieux, Avenir Group AG d\u00e9cline toute responsabilit\u00e9 quant \u00e0 l\u2019exactitude, la pr\u00e9cision, l\u2019actualit\u00e9, la fiabilit\u00e9<a href=\"https:\/\/www.finanzprofiaufzeit.ch\/fr\/mentions-legales\/\" style=\"font-weight:bold;\" rel=\"nofollow\">&#8230; weiterlesen<\/a><\/p>\n","protected":false},"author":1,"featured_media":0,"parent":0,"menu_order":22,"comment_status":"closed","ping_status":"closed","template":"","meta":{"_acf_changed":false,"_monsterinsights_skip_tracking":false,"_monsterinsights_sitenote_active":false,"_monsterinsights_sitenote_note":"","_monsterinsights_sitenote_category":0,"footnotes":""},"class_list":["post-4175","page","type-page","status-publish","hentry"],"acf":[],"yoast_head":"<!-- This site is optimized with the Yoast SEO plugin v27.0 - https:\/\/yoast.com\/product\/yoast-seo-wordpress\/ -->\n<title>Mentions l\u00e9gales &#8211; Avenir Group<\/title>\n<meta name=\"description\" content=\"Impressum der Webseite mit Kontaktdaten, Haftungsausschluss und Urheberrechtshinweis. Avenir Group AG, Weinmarkt 15, CH-6004 Luzern, 058 274 74 00, info@staging.hrprofiaufzeit.ch\" \/>\n<meta name=\"robots\" content=\"index, nofollow, max-snippet:-1, max-image-preview:large, max-video-preview:-1\" \/>\n<link rel=\"canonical\" href=\"https:\/\/www.finanzprofiaufzeit.ch\/fr\/mentions-legales\/\" \/>\n<meta property=\"og:locale\" content=\"fr_FR\" \/>\n<meta property=\"og:type\" content=\"article\" \/>\n<meta property=\"og:title\" content=\"Impressum - Avenir Group\" \/>\n<meta property=\"og:description\" content=\"Impressum der Webseite mit Kontaktdaten, Haftungsausschluss und Urheberrechtshinweis. Avenir Group AG, Weinmarkt 15, CH-6004 Luzern, 058 274 74 00, info@staging.hrprofiaufzeit.ch\" \/>\n<meta property=\"og:url\" content=\"https:\/\/www.finanzprofiaufzeit.ch\/fr\/mentions-legales\/\" \/>\n<meta property=\"og:site_name\" content=\"Avenir Group\" \/>\n<meta property=\"article:publisher\" content=\"https:\/\/www.facebook.com\/avenirgroup\" \/>\n<meta property=\"article:modified_time\" content=\"2023-02-14T12:53:01+00:00\" \/>\n<meta name=\"twitter:card\" content=\"summary_large_image\" \/>\n<meta name=\"twitter:site\" content=\"@avenirgroup\" \/>\n<meta name=\"twitter:label1\" content=\"Dur\u00e9e de lecture estim\u00e9e\" \/>\n\t<meta name=\"twitter:data1\" content=\"1 minute\" \/>\n<script type=\"application\/ld+json\" class=\"yoast-schema-graph\">{\"@context\":\"https:\/\/schema.org\",\"@graph\":[{\"@type\":\"WebPage\",\"@id\":\"https:\/\/www.finanzprofiaufzeit.ch\/fr\/mentions-legales\/\",\"url\":\"https:\/\/www.finanzprofiaufzeit.ch\/fr\/mentions-legales\/\",\"name\":\"Mentions l\u00e9gales &#8211; Avenir Group\",\"isPartOf\":{\"@id\":\"https:\/\/www.finanzprofiaufzeit.ch\/fr\/#website\"},\"datePublished\":\"2018-04-22T22:59:42+00:00\",\"dateModified\":\"2023-02-14T12:53:01+00:00\",\"description\":\"Impressum der Webseite mit Kontaktdaten, Haftungsausschluss und Urheberrechtshinweis. Avenir Group AG, Weinmarkt 15, CH-6004 Luzern, 058 274 74 00, info@staging.hrprofiaufzeit.ch\",\"breadcrumb\":{\"@id\":\"https:\/\/www.finanzprofiaufzeit.ch\/fr\/mentions-legales\/#breadcrumb\"},\"inLanguage\":\"fr-FR\",\"potentialAction\":[{\"@type\":\"ReadAction\",\"target\":[\"https:\/\/www.finanzprofiaufzeit.ch\/fr\/mentions-legales\/\"]}]},{\"@type\":\"BreadcrumbList\",\"@id\":\"https:\/\/www.finanzprofiaufzeit.ch\/fr\/mentions-legales\/#breadcrumb\",\"itemListElement\":[{\"@type\":\"ListItem\",\"position\":1,\"name\":\"Home\",\"item\":\"https:\/\/www.finanzprofiaufzeit.ch\/fr\/\"},{\"@type\":\"ListItem\",\"position\":2,\"name\":\"Mentions l\u00e9gales\"}]},{\"@type\":\"WebSite\",\"@id\":\"https:\/\/www.finanzprofiaufzeit.ch\/fr\/#website\",\"url\":\"https:\/\/www.finanzprofiaufzeit.ch\/fr\/\",\"name\":\"Avenir Group\",\"description\":\"Nous promouvons ensemble les personnes et les organisations.\",\"publisher\":{\"@id\":\"https:\/\/www.finanzprofiaufzeit.ch\/fr\/#organization\"},\"potentialAction\":[{\"@type\":\"SearchAction\",\"target\":{\"@type\":\"EntryPoint\",\"urlTemplate\":\"https:\/\/www.finanzprofiaufzeit.ch\/fr\/?s={search_term_string}\"},\"query-input\":{\"@type\":\"PropertyValueSpecification\",\"valueRequired\":true,\"valueName\":\"search_term_string\"}}],\"inLanguage\":\"fr-FR\"},{\"@type\":\"Organization\",\"@id\":\"https:\/\/www.finanzprofiaufzeit.ch\/fr\/#organization\",\"name\":\"Avenir Group\",\"url\":\"https:\/\/www.finanzprofiaufzeit.ch\/fr\/\",\"logo\":{\"@type\":\"ImageObject\",\"inLanguage\":\"fr-FR\",\"@id\":\"https:\/\/www.finanzprofiaufzeit.ch\/fr\/#\/schema\/logo\/image\/\",\"url\":\"https:\/\/www.avenirgroup.ch\/wp-content\/uploads\/avenir.png\",\"contentUrl\":\"https:\/\/www.avenirgroup.ch\/wp-content\/uploads\/avenir.png\",\"width\":500,\"height\":191,\"caption\":\"Avenir Group\"},\"image\":{\"@id\":\"https:\/\/www.finanzprofiaufzeit.ch\/fr\/#\/schema\/logo\/image\/\"},\"sameAs\":[\"https:\/\/www.facebook.com\/avenirgroup\",\"https:\/\/x.com\/avenirgroup\",\"https:\/\/www.linkedin.com\/company\/avenirgroup\",\"https:\/\/www.youtube.com\/channel\/UCSsjNOO3GSDq1LChWFv1GBQ\"]}]}<\/script>\n<!-- \/ Yoast SEO plugin. -->","yoast_head_json":{"title":"Mentions l\u00e9gales &#8211; Avenir Group","description":"Impressum der Webseite mit Kontaktdaten, Haftungsausschluss und Urheberrechtshinweis. Avenir Group AG, Weinmarkt 15, CH-6004 Luzern, 058 274 74 00, info@staging.hrprofiaufzeit.ch","robots":{"index":"index","follow":"nofollow","max-snippet":"max-snippet:-1","max-image-preview":"max-image-preview:large","max-video-preview":"max-video-preview:-1"},"canonical":"https:\/\/www.finanzprofiaufzeit.ch\/fr\/mentions-legales\/","og_locale":"fr_FR","og_type":"article","og_title":"Impressum - Avenir Group","og_description":"Impressum der Webseite mit Kontaktdaten, Haftungsausschluss und Urheberrechtshinweis. Avenir Group AG, Weinmarkt 15, CH-6004 Luzern, 058 274 74 00, info@staging.hrprofiaufzeit.ch","og_url":"https:\/\/www.finanzprofiaufzeit.ch\/fr\/mentions-legales\/","og_site_name":"Avenir Group","article_publisher":"https:\/\/www.facebook.com\/avenirgroup","article_modified_time":"2023-02-14T12:53:01+00:00","twitter_card":"summary_large_image","twitter_site":"@avenirgroup","twitter_misc":{"Dur\u00e9e de lecture estim\u00e9e":"1 minute"},"schema":{"@context":"https:\/\/schema.org","@graph":[{"@type":"WebPage","@id":"https:\/\/www.finanzprofiaufzeit.ch\/fr\/mentions-legales\/","url":"https:\/\/www.finanzprofiaufzeit.ch\/fr\/mentions-legales\/","name":"Mentions l\u00e9gales &#8211; Avenir Group","isPartOf":{"@id":"https:\/\/www.finanzprofiaufzeit.ch\/fr\/#website"},"datePublished":"2018-04-22T22:59:42+00:00","dateModified":"2023-02-14T12:53:01+00:00","description":"Impressum der Webseite mit Kontaktdaten, Haftungsausschluss und Urheberrechtshinweis. Avenir Group AG, Weinmarkt 15, CH-6004 Luzern, 058 274 74 00, info@staging.hrprofiaufzeit.ch","breadcrumb":{"@id":"https:\/\/www.finanzprofiaufzeit.ch\/fr\/mentions-legales\/#breadcrumb"},"inLanguage":"fr-FR","potentialAction":[{"@type":"ReadAction","target":["https:\/\/www.finanzprofiaufzeit.ch\/fr\/mentions-legales\/"]}]},{"@type":"BreadcrumbList","@id":"https:\/\/www.finanzprofiaufzeit.ch\/fr\/mentions-legales\/#breadcrumb","itemListElement":[{"@type":"ListItem","position":1,"name":"Home","item":"https:\/\/www.finanzprofiaufzeit.ch\/fr\/"},{"@type":"ListItem","position":2,"name":"Mentions l\u00e9gales"}]},{"@type":"WebSite","@id":"https:\/\/www.finanzprofiaufzeit.ch\/fr\/#website","url":"https:\/\/www.finanzprofiaufzeit.ch\/fr\/","name":"Avenir Group","description":"Nous promouvons ensemble les personnes et les organisations.","publisher":{"@id":"https:\/\/www.finanzprofiaufzeit.ch\/fr\/#organization"},"potentialAction":[{"@type":"SearchAction","target":{"@type":"EntryPoint","urlTemplate":"https:\/\/www.finanzprofiaufzeit.ch\/fr\/?s={search_term_string}"},"query-input":{"@type":"PropertyValueSpecification","valueRequired":true,"valueName":"search_term_string"}}],"inLanguage":"fr-FR"},{"@type":"Organization","@id":"https:\/\/www.finanzprofiaufzeit.ch\/fr\/#organization","name":"Avenir Group","url":"https:\/\/www.finanzprofiaufzeit.ch\/fr\/","logo":{"@type":"ImageObject","inLanguage":"fr-FR","@id":"https:\/\/www.finanzprofiaufzeit.ch\/fr\/#\/schema\/logo\/image\/","url":"https:\/\/www.avenirgroup.ch\/wp-content\/uploads\/avenir.png","contentUrl":"https:\/\/www.avenirgroup.ch\/wp-content\/uploads\/avenir.png","width":500,"height":191,"caption":"Avenir Group"},"image":{"@id":"https:\/\/www.finanzprofiaufzeit.ch\/fr\/#\/schema\/logo\/image\/"},"sameAs":["https:\/\/www.facebook.com\/avenirgroup","https:\/\/x.com\/avenirgroup","https:\/\/www.linkedin.com\/company\/avenirgroup","https:\/\/www.youtube.com\/channel\/UCSsjNOO3GSDq1LChWFv1GBQ"]}]}},"_links":{"self":[{"href":"https:\/\/www.finanzprofiaufzeit.ch\/fr\/wp-json\/wp\/v2\/pages\/4175","targetHints":{"allow":["GET"]}}],"collection":[{"href":"https:\/\/www.finanzprofiaufzeit.ch\/fr\/wp-json\/wp\/v2\/pages"}],"about":[{"href":"https:\/\/www.finanzprofiaufzeit.ch\/fr\/wp-json\/wp\/v2\/types\/page"}],"author":[{"embeddable":true,"href":"https:\/\/www.finanzprofiaufzeit.ch\/fr\/wp-json\/wp\/v2\/users\/1"}],"replies":[{"embeddable":true,"href":"https:\/\/www.finanzprofiaufzeit.ch\/fr\/wp-json\/wp\/v2\/comments?post=4175"}],"version-history":[{"count":2,"href":"https:\/\/www.finanzprofiaufzeit.ch\/fr\/wp-json\/wp\/v2\/pages\/4175\/revisions"}],"predecessor-version":[{"id":8887,"href":"https:\/\/www.finanzprofiaufzeit.ch\/fr\/wp-json\/wp\/v2\/pages\/4175\/revisions\/8887"}],"wp:attachment":[{"href":"https:\/\/www.finanzprofiaufzeit.ch\/fr\/wp-json\/wp\/v2\/media?parent=4175"}],"curies":[{"name":"wp","href":"https:\/\/api.w.org\/{rel}","templated":true}]}}